{"id":10,"date":"2024-12-07T10:30:47","date_gmt":"2024-12-07T10:30:47","guid":{"rendered":"https:\/\/lasbrisas.addonitsolutions.com\/?page_id=10"},"modified":"2025-03-11T16:36:52","modified_gmt":"2025-03-11T16:36:52","slug":"spa-and-wellness","status":"publish","type":"page","link":"https:\/\/lasbrisas.addonitsolutions.com\/es\/spa-and-wellness\/","title":{"rendered":"Spa &amp; Wellness"},"content":{"rendered":"<div data-elementor-type=\"wp-page\" data-elementor-id=\"10\" class=\"elementor elementor-10\">\n\t\t\t\t<div class=\"elementor-element elementor-element-722206ad e-flex e-con-boxed e-con e-parent\" data-id=\"722206ad\" data-element_type=\"container\" data-settings=\"{&quot;background_background&quot;:&quot;classic&quot;}\">\n\t\t\t\t\t<div class=\"e-con-inner\">\n\t\t\t\t<div class=\"elementor-element elementor-element-773fe7e4 elementor-widget elementor-widget-heading\" data-id=\"773fe7e4\" data-element_type=\"widget\" data-widget_type=\"heading.default\">\n\t\t\t\t<div class=\"elementor-widget-container\">\n\t\t\t\t\t<h2 class=\"elementor-heading-title elementor-size-default\">Wellness &amp;\u00a0<strong style=\"font-weight: 500\"> Servicios De Spa <\/strong><\/h2>\t\t\t\t<\/div>\n\t\t\t\t<\/div>\n\t\t\t\t\t<\/div>\n\t\t\t\t<\/div>\n\t\t<div class=\"elementor-element elementor-element-4bf12b18 e-con-full spa-treatment-parent e-flex e-con e-child\" data-id=\"4bf12b18\" data-element_type=\"container\">\n\t\t<div class=\"elementor-element elementor-element-1a2aac9 e-flex e-con-boxed e-con e-child\" data-id=\"1a2aac9\" data-element_type=\"container\">\n\t\t\t\t\t<div class=\"e-con-inner\">\n\t\t\t\t<div class=\"elementor-element elementor-element-5924a4c5 elementor-widget elementor-widget-heading\" data-id=\"5924a4c5\" data-element_type=\"widget\" data-widget_type=\"heading.default\">\n\t\t\t\t<div class=\"elementor-widget-container\">\n\t\t\t\t\t<h2 class=\"elementor-heading-title elementor-size-default\">En el Sitio, o Frente a la Playa <strong style=\"font-weight: 500\">Servicios De Spa<\/strong><\/h2>\t\t\t\t<\/div>\n\t\t\t\t<\/div>\n\t\t\t\t<div class=\"elementor-element elementor-element-f3b6427 elementor-widget elementor-widget-heading\" data-id=\"f3b6427\" data-element_type=\"widget\" data-widget_type=\"heading.default\">\n\t\t\t\t<div class=\"elementor-widget-container\">\n\t\t\t\t\t<h2 class=\"elementor-heading-title elementor-size-default\">La Vida Es Corta... Disfrutar Un Poco <\/h2>\t\t\t\t<\/div>\n\t\t\t\t<\/div>\n\t\t\t\t<div class=\"elementor-element elementor-element-4eb60904 elementor-widget__width-initial elementor-widget-mobile__width-inherit elementor-widget elementor-widget-text-editor\" data-id=\"4eb60904\" data-element_type=\"widget\" data-widget_type=\"text-editor.default\">\n\t\t\t\t<div class=\"elementor-widget-container\">\n\t\t\t\t\t\t\t\t\t<p><span class=\"\">Mejorar la circulaci\u00f3n sangu\u00ednea, aliviar la tensi\u00f3n muscular, mejorar el drenaje linf\u00e1tico, desintoxicar Y apoyar el sistema inmune, toda vez que se establecen! <\/span><\/p><p><span class=\"\">La ciencia ha demostrado los beneficios del masaje, reserve el suyo hoy y dormir mejor esta noche. <\/span><\/p><p><span class=\"\">Los servicios ofrecidos En el Sitio o puede ser programada En La Arena.<\/span><\/p>\t\t\t\t\t\t\t\t<\/div>\n\t\t\t\t<\/div>\n\t\t\t\t\t<\/div>\n\t\t\t\t<\/div>\n\t\t<div class=\"elementor-element elementor-element-1b3466a e-con-full e-flex e-con e-child\" data-id=\"1b3466a\" data-element_type=\"container\">\n\t\t\t\t<div class=\"elementor-element elementor-element-a95176b elementor-align-center elementor-widget elementor-widget-button\" data-id=\"a95176b\" data-element_type=\"widget\" data-widget_type=\"button.default\">\n\t\t\t\t<div class=\"elementor-widget-container\">\n\t\t\t\t\t\t\t\t\t<div class=\"elementor-button-wrapper\">\n\t\t\t\t\t<a class=\"elementor-button elementor-button-link elementor-size-sm\" href=\"#\">\n\t\t\t\t\t\t<span class=\"elementor-button-content-wrapper\">\n\t\t\t\t\t\t<span class=\"elementor-button-icon\">\n\t\t\t\t<svg xmlns=\"http:\/\/www.w3.org\/2000\/svg\" width=\"56\" height=\"56\" viewbox=\"0 0 56 56\" fill=\"none\"><g clip-path=\"url(#clip0_68_260)\"><path d=\"M40.455 24.1078V13.6993C40.455 13.4013 40.3174 13.1261 40.1227 12.9083L28.4531 0.654243C28.2354 0.425133 27.9257 0.298828 27.6164 0.298828H9.11472C5.69905 0.298828 2.9707 3.08424 2.9707 6.50033V41.4858C2.9707 44.9019 5.69905 47.6416 9.11472 47.6416H23.719C26.4814 52.2267 31.5025 55.2987 37.2223 55.2987C45.9113 55.2987 53.007 48.2374 53.007 39.5371C53.0187 31.937 47.562 25.5866 40.455 24.1078ZM28.7628 4.32253L36.592 12.5642H31.5138C30.0007 12.5642 28.7628 11.315 28.7628 9.80187V4.32253ZM9.11472 45.3488C6.97132 45.3488 5.26349 43.6292 5.26349 41.4858V6.50033C5.26349 4.34519 6.97132 2.59161 9.11472 2.59161H26.47V9.80187C26.47 12.5873 28.7284 14.857 31.5138 14.857H38.1622V23.8095C37.8186 23.7982 37.5433 23.7638 37.2454 23.7638C33.2447 23.7638 29.5651 25.3 26.791 27.7073H12.2329C11.6022 27.7073 11.0865 28.223 11.0865 28.8533C11.0865 29.484 11.6022 29.9997 12.2329 29.9997H24.659C23.8449 31.1461 23.1685 32.2925 22.6415 33.5534H12.2329C11.6022 33.5534 11.0865 34.0691 11.0865 34.6998C11.0865 35.3301 11.6022 35.8462 12.2329 35.8462H21.8962C21.6096 36.9926 21.4607 38.2649 21.4607 39.5371C21.4607 41.6004 21.8618 43.641 22.584 45.3606H9.11472V45.3488ZM37.234 53.0177C29.806 53.0177 23.7648 46.9765 23.7648 39.5485C23.7648 32.1204 29.7942 26.0792 37.234 26.0792C44.6734 26.0792 50.7029 32.1204 50.7029 39.5485C50.7029 46.9765 44.6621 53.0177 37.234 53.0177Z\" fill=\"#FF6F00\"><\/path><path d=\"M12.2323 24.2576H23.8444C24.475 24.2576 24.9908 23.7415 24.9908 23.1112C24.9908 22.4806 24.475 21.9648 23.8444 21.9648H12.2323C11.6016 21.9648 11.0859 22.4806 11.0859 23.1112C11.0859 23.7415 11.6016 24.2576 12.2323 24.2576Z\" fill=\"#FF6F00\"><\/path><path d=\"M43.1036 39.3084L38.3926 44.3866V31.869C38.3926 31.2384 37.8764 30.7227 37.2462 30.7227C36.6155 30.7227 36.0998 31.2384 36.0998 31.869V44.3866L31.3539 39.3084C30.9184 38.8502 30.1849 38.8158 29.7262 39.2514C29.2676 39.6869 29.2332 40.4091 29.6692 40.8677L36.375 48.078C36.5928 48.3071 36.8907 48.4447 37.2118 48.4447C37.5328 48.4447 37.8307 48.3071 38.0485 48.078L44.7661 40.8677C45.2017 40.4091 45.1786 39.6756 44.7199 39.2514C44.25 38.8158 43.5396 38.8502 43.1036 39.3084Z\" fill=\"#FF6F00\"><\/path><\/g><defs><clippath id=\"clip0_68_260\"><rect width=\"55\" height=\"55\" fill=\"white\" transform=\"translate(0.5 0.298828)\"><\/rect><\/clippath><\/defs><\/svg>\t\t\t<\/span>\n\t\t\t\t\t\t\t\t\t<span class=\"elementor-button-text\">Descargar el Men\u00fa del Spa<\/span>\n\t\t\t\t\t<\/span>\n\t\t\t\t\t<\/a>\n\t\t\t\t<\/div>\n\t\t\t\t\t\t\t\t<\/div>\n\t\t\t\t<\/div>\n\t\t\t\t<\/div>\n\t\t\t\t<\/div>\n\t\t<div class=\"elementor-element elementor-element-b7b0ad6 e-flex e-con-boxed e-con e-parent\" data-id=\"b7b0ad6\" data-element_type=\"container\">\n\t\t\t\t\t<div class=\"e-con-inner\">\n\t\t<div class=\"elementor-element elementor-element-383f511 e-con-full e-flex e-con e-child\" data-id=\"383f511\" data-element_type=\"container\">\n\t\t\t\t<div class=\"elementor-element elementor-element-713eb11 elementor-widget__width-initial elementor-widget-mobile__width-inherit elementor-widget elementor-widget-text-editor\" data-id=\"713eb11\" data-element_type=\"widget\" data-widget_type=\"text-editor.default\">\n\t\t\t\t<div class=\"elementor-widget-container\">\n\t\t\t\t\t\t\t\t\t<p>Pre-Programaci\u00f3n Del Servicio De Spa Al Reservar Su Estancia <br \/>o mientras que en el sitio llamando a la recepci\u00f3n:<br \/><a href=\"https:\/\/wa.me\/50660040304 ?text=Hello\" target=\"_blank\" rel=\"noopener\">+506.6004.0304<\/a><\/p>\t\t\t\t\t\t\t\t<\/div>\n\t\t\t\t<\/div>\n\t\t\t\t<\/div>\n\t\t\t\t\t<\/div>\n\t\t\t\t<\/div>\n\t\t<div class=\"elementor-element elementor-element-3d4a12a e-con-full spa-treatment-img-parent e-flex e-con e-parent\" data-id=\"3d4a12a\" data-element_type=\"container\">\n\t\t<div class=\"elementor-element elementor-element-f8e3757 e-con-full e-flex e-con e-child\" data-id=\"f8e3757\" data-element_type=\"container\">\n\t\t<div class=\"elementor-element elementor-element-8e96e84 e-con-full e-flex e-con e-child\" data-id=\"8e96e84\" data-element_type=\"container\" data-settings=\"{&quot;background_background&quot;:&quot;classic&quot;}\">\n\t\t\t\t<div class=\"elementor-element elementor-element-3e177a0 elementor-widget elementor-widget-image\" data-id=\"3e177a0\" data-element_type=\"widget\" data-widget_type=\"image.default\">\n\t\t\t\t<div class=\"elementor-widget-container\">\n\t\t\t\t\t\t\t\t\t\t\t\t\t\t\t<img fetchpriority=\"high\" decoding=\"async\" width=\"582\" height=\"757\" src=\"https:\/\/lasbrisas.addonitsolutions.com\/wp-content\/uploads\/2024\/12\/image-50-2.png\" class=\"attachment-large size-large wp-image-556\" alt=\"\" srcset=\"https:\/\/lasbrisas.addonitsolutions.com\/wp-content\/uploads\/2024\/12\/image-50-2.png 582w, https:\/\/lasbrisas.addonitsolutions.com\/wp-content\/uploads\/2024\/12\/image-50-2-231x300.png 231w\" sizes=\"(max-width: 582px) 100vw, 582px\" \/>\t\t\t\t\t\t\t\t\t\t\t\t\t\t\t<\/div>\n\t\t\t\t<\/div>\n\t\t\t\t<\/div>\n\t\t<div class=\"elementor-element elementor-element-fd81ddb e-con-full e-flex e-con e-child\" data-id=\"fd81ddb\" data-element_type=\"container\" data-settings=\"{&quot;background_background&quot;:&quot;classic&quot;}\">\n\t\t\t\t<div class=\"elementor-element elementor-element-d9cc41e elementor-widget elementor-widget-image\" data-id=\"d9cc41e\" data-element_type=\"widget\" data-widget_type=\"image.default\">\n\t\t\t\t<div class=\"elementor-widget-container\">\n\t\t\t\t\t\t\t\t\t\t\t\t\t\t\t<img decoding=\"async\" width=\"582\" height=\"757\" src=\"https:\/\/lasbrisas.addonitsolutions.com\/wp-content\/uploads\/2024\/12\/image-2024-12-07T061654.678.png\" class=\"attachment-large size-large wp-image-557\" alt=\"\" srcset=\"https:\/\/lasbrisas.addonitsolutions.com\/wp-content\/uploads\/2024\/12\/image-2024-12-07T061654.678.png 582w, https:\/\/lasbrisas.addonitsolutions.com\/wp-content\/uploads\/2024\/12\/image-2024-12-07T061654.678-231x300.png 231w\" sizes=\"(max-width: 582px) 100vw, 582px\" \/>\t\t\t\t\t\t\t\t\t\t\t\t\t\t\t<\/div>\n\t\t\t\t<\/div>\n\t\t\t\t<\/div>\n\t\t<div class=\"elementor-element elementor-element-d83810f e-con-full e-flex e-con e-child\" data-id=\"d83810f\" data-element_type=\"container\" data-settings=\"{&quot;background_background&quot;:&quot;classic&quot;}\">\n\t\t\t\t<div class=\"elementor-element elementor-element-f5a767a elementor-widget elementor-widget-image\" data-id=\"f5a767a\" data-element_type=\"widget\" data-widget_type=\"image.default\">\n\t\t\t\t<div class=\"elementor-widget-container\">\n\t\t\t\t\t\t\t\t\t\t\t\t\t\t\t<img decoding=\"async\" width=\"582\" height=\"757\" src=\"https:\/\/lasbrisas.addonitsolutions.com\/wp-content\/uploads\/2024\/12\/image-2024-12-07T061659.751.png\" class=\"attachment-large size-large wp-image-558\" alt=\"\" srcset=\"https:\/\/lasbrisas.addonitsolutions.com\/wp-content\/uploads\/2024\/12\/image-2024-12-07T061659.751.png 582w, https:\/\/lasbrisas.addonitsolutions.com\/wp-content\/uploads\/2024\/12\/image-2024-12-07T061659.751-231x300.png 231w\" sizes=\"(max-width: 582px) 100vw, 582px\" \/>\t\t\t\t\t\t\t\t\t\t\t\t\t\t\t<\/div>\n\t\t\t\t<\/div>\n\t\t\t\t<\/div>\n\t\t\t\t<\/div>\n\t\t\t\t<\/div>\n\t\t<div class=\"elementor-element elementor-element-b0e73ed e-flex e-con-boxed e-con e-parent\" data-id=\"b0e73ed\" data-element_type=\"container\">\n\t\t\t\t\t<div class=\"e-con-inner\">\n\t\t\t\t<div class=\"elementor-element elementor-element-ac7c99f elementor-align-center elementor-widget-mobile__width-auto elementor-invisible elementor-widget elementor-widget-button\" data-id=\"ac7c99f\" data-element_type=\"widget\" data-settings=\"{&quot;_animation&quot;:&quot;fadeInUp&quot;}\" data-widget_type=\"button.default\">\n\t\t\t\t<div class=\"elementor-widget-container\">\n\t\t\t\t\t\t\t\t\t<div class=\"elementor-button-wrapper\">\n\t\t\t\t\t<a class=\"elementor-button elementor-button-link elementor-size-sm\" href=\"https:\/\/lasbrisas.addonitsolutions.com\/tours-experiences\/\">\n\t\t\t\t\t\t<span class=\"elementor-button-content-wrapper\">\n\t\t\t\t\t\t<span class=\"elementor-button-icon\">\n\t\t\t\t<svg aria-hidden=\"true\" class=\"e-font-icon-svg e-fas-arrow-right\" viewbox=\"0 0 448 512\" xmlns=\"http:\/\/www.w3.org\/2000\/svg\"><path d=\"M190.5 66.9l22.2-22.2c9.4-9.4 24.6-9.4 33.9 0L441 239c9.4 9.4 9.4 24.6 0 33.9L246.6 467.3c-9.4 9.4-24.6 9.4-33.9 0l-22.2-22.2c-9.5-9.5-9.3-25 .4-34.3L311.4 296H24c-13.3 0-24-10.7-24-24v-32c0-13.3 10.7-24 24-24h287.4L190.9 101.2c-9.8-9.3-10-24.8-.4-34.3z\"><\/path><\/svg>\t\t\t<\/span>\n\t\t\t\t\t\t\t\t\t<span class=\"elementor-button-text\">VER NUESTROS VIAJES Y EXPERIENCIAS<\/span>\n\t\t\t\t\t<\/span>\n\t\t\t\t\t<\/a>\n\t\t\t\t<\/div>\n\t\t\t\t\t\t\t\t<\/div>\n\t\t\t\t<\/div>\n\t\t\t\t\t<\/div>\n\t\t\t\t<\/div>\n\t\t\t\t<\/div>","protected":false},"excerpt":{"rendered":"<p>Wellness\u00a0&amp;\u00a0 Spa\u00a0Services On-Site or Beach-Front Spa Services Life Is Short&#8230; Indulge A Little Improve blood circulation, alleviate muscle tension, enhance lymphatic drainage, detoxify AND support your immune system, all while laying down! Science has proven the benefits of massage, book yours today and sleep better tonight. Services offered On-Site or can be scheduled On The [&hellip;]<\/p>","protected":false},"author":1,"featured_media":0,"parent":0,"menu_order":0,"comment_status":"closed","ping_status":"closed","template":"elementor_header_footer","meta":{"_acf_changed":false,"inline_featured_image":false,"footnotes":""},"class_list":["post-10","page","type-page","status-publish","hentry"],"acf":[],"_links":{"self":[{"href":"https:\/\/lasbrisas.addonitsolutions.com\/es\/wp-json\/wp\/v2\/pages\/10","targetHints":{"allow":["GET"]}}],"collection":[{"href":"https:\/\/lasbrisas.addonitsolutions.com\/es\/wp-json\/wp\/v2\/pages"}],"about":[{"href":"https:\/\/lasbrisas.addonitsolutions.com\/es\/wp-json\/wp\/v2\/types\/page"}],"author":[{"embeddable":true,"href":"https:\/\/lasbrisas.addonitsolutions.com\/es\/wp-json\/wp\/v2\/users\/1"}],"replies":[{"embeddable":true,"href":"https:\/\/lasbrisas.addonitsolutions.com\/es\/wp-json\/wp\/v2\/comments?post=10"}],"version-history":[{"count":90,"href":"https:\/\/lasbrisas.addonitsolutions.com\/es\/wp-json\/wp\/v2\/pages\/10\/revisions"}],"predecessor-version":[{"id":4842,"href":"https:\/\/lasbrisas.addonitsolutions.com\/es\/wp-json\/wp\/v2\/pages\/10\/revisions\/4842"}],"wp:attachment":[{"href":"https:\/\/lasbrisas.addonitsolutions.com\/es\/wp-json\/wp\/v2\/media?parent=10"}],"curies":[{"name":"wp","href":"https:\/\/api.w.org\/{rel}","templated":true}]}}