{"id":4116,"date":"2025-02-21T11:18:54","date_gmt":"2025-02-21T11:18:54","guid":{"rendered":"https:\/\/lasbrisas.addonitsolutions.com\/?post_type=product&#038;p=4116"},"modified":"2025-03-11T11:55:19","modified_gmt":"2025-03-11T11:55:19","slug":"tortuga-island-full-day-adventure-160","status":"publish","type":"product","link":"https:\/\/lasbrisas.addonitsolutions.com\/es\/producto\/tortuga-island-full-day-adventure-160\/","title":{"rendered":"Isla Tortuga (D\u00eda Completo De Aventura)"},"content":{"rendered":"<p><span data-buffer=\"&lt;!--(Adobe)%7B%22type%22%3A%22horizonObject%22%2C%22sourceContext%22%3A%227b7a13f2-c304-419e-bc91-2cd31cc060ed%22%2C%22payload%22%3A%7B%22docId%22%3A%22urn%3Aaaid%3Asc%3AUS%3A8d9b437c-1b2b-4713-80ae-53a5245e04ed%22%2C%22repositoryId%22%3A%22urn%3Aaaid%3Asc%3AUS%3Abf6d5baf-bddc-5b61-88d9-3f1e816c2992%22%2C%22copyClientId%22%3A%229c1cfdaf-f2a6-4654-922d-4ffc6a190c44%22%2C%22docModel%22%3A%7B%22isFullDocument%22%3Afalse%2C%22serializedECS%22%3A%7B%22AssetInfo%22%3A%7B%22ComponentWithTrait%22%3A%7B%7D%2C%22Persistable%22%3A%7B%7D%7D%2C%22BitmapReference%22%3A%7B%22ComponentWithTrait%22%3A%7B%7D%2C%22Persistable%22%3A%7B%7D%2C%22ForwardReference%22%3A%7B%7D%7D%2C%22BitmapRole%22%3A%7B%22ComponentWithTrait%22%3A%7B%7D%2C%22Persistable%22%3A%7B%7D%7D%2C%22BlendMode%22%3A%7B%22ComponentWithTrait%22%3A%7B%7D%2C%22Persistable%22%3A%7B%7D%7D%2C%22CanvasColor%22%3A%7B%22ComponentWithTrait%22%3A%7B%7D%2C%22Persistable%22%3A%7B%7D%7D%2C%22ContentCredentialsMetadata%22%3A%7B%22ComponentWithTrait%22%3A%7B%7D%2C%22Persistable%22%3A%7B%7D%7D%2C%22EllipseGeometry%22%3A%7B%22ComponentWithTrait%22%3A%7B%7D%2C%22Persistable%22%3A%7B%7D%7D%2C%22FillChildOf%22%3A%7B%22ComponentWithTrait%22%3A%7B%7D%2C%22Persistable%22%3A%7B%7D%2C%22ChildOf%22%3A%7B%7D%7D%2C%22FillColor%22%3A%7B%22ComponentWithTrait%22%3A%7B%7D%2C%22Persistable%22%3A%7B%7D%2C%22IsColor%22%3A%7B%7D%7D%2C%22FillTransform%22%3A%7B%22ComponentWithTrait%22%3A%7B%7D%2C%22Persistable%22%3A%7B%7D%7D%2C%22FillType%22%3A%7B%22ComponentWithTrait%22%3A%7B%7D%2C%22Persistable%22%3A%7B%7D%7D%2C%22ImageSaliencyMetadata%22%3A%7B%22ComponentWithTrait%22%3A%7B%7D%2C%22Persistable%22%3A%7B%7D%7D%2C%22InvisibleBoundingBox%22%3A%7B%22ComponentWithTrait%22%3A%7B%7D%2C%22Persistable%22%3A%7B%7D%7D%2C%22IsCropGroup%22%3A%7B%22ComponentWithTrait%22%3A%7B%7D%2C%22Persistable%22%3A%7B%7D%7D%2C%22IsMask%22%3A%7B%22ComponentWithTrait%22%3A%7B%7D%2C%22Persistable%22%3A%7B%7D%7D%2C%22LineGeometry%22%3A%7B%22ComponentWithTrait%22%3A%7B%7D%2C%22Persistable%22%3A%7B%7D%7D%2C%22MarkedForImport%22%3A%7B%22ComponentWithTrait%22%3A%7B%7D%2C%22Persistable%22%3A%7B%7D%7D%2C%22ObjectFit%22%3A%7B%22ComponentWithTrait%22%3A%7B%7D%2C%22Persistable%22%3A%7B%7D%7D%2C%22PixelInformation%22%3A%7B%22ComponentWithTrait%22%3A%7B%7D%2C%22Persistable%22%3A%7B%7D%7D%2C%22RectangleCornerRadii%22%3A%7B%22ComponentWithTrait%22%3A%7B%7D%2C%22Persistable%22%3A%7B%7D%7D%2C%22RectangleGeometry%22%3A%7B%22ComponentWithTrait%22%3A%7B%7D%2C%22Persistable%22%3A%7B%7D%7D%2C%22ResourceAvailability%22%3A%7B%22ComponentWithTrait%22%3A%7B%7D%2C%22Persistable%22%3A%7B%7D%7D%2C%22ResourceHasCaiData%22%3A%7B%22ComponentWithTrait%22%3A%7B%7D%2C%22Persistable%22%3A%7B%7D%7D%2C%22ResourceChildOf%22%3A%7B%22ComponentWithTrait%22%3A%7B%7D%2C%22Persistable%22%3A%7B%7D%2C%22ChildOf%22%3A%7B%7D%7D%2C%22ResourceCollectionChildOf%22%3A%7B%22ComponentWithTrait%22%3A%7B%7D%2C%22Persistable%22%3A%7B%7D%2C%22ChildOf%22%3A%7B%7D%2C%22WeakChildOf%22%3A%7B%7D%7D%2C%22ResourceCollectionInfo%22%3A%7B%22ComponentWithTrait%22%3A%7B%7D%2C%22Persistable%22%3A%7B%7D%7D%2C%22ResourceCollectionOriginalContentHashSHA1%22%3A%7B%22ComponentWithTrait%22%3A%7B%7D%2C%22Persistable%22%3A%7B%7D%7D%2C%22ResourceCollectionOriginalFileName%22%3A%7B%22ComponentWithTrait%22%3A%7B%7D%2C%22Persistable%22%3A%7B%7D%7D%2C%22ResourceCollectionOriginalMimeType%22%3A%7B%22ComponentWithTrait%22%3A%7B%7D%2C%22Persistable%22%3A%7B%7D%7D%2C%22ResourceCollectionOriginalResourceSize%22%3A%7B%22ComponentWithTrait%22%3A%7B%7D%2C%22Persistable%22%3A%7B%7D%7D%2C%22ResourceDimensions%22%3A%7B%22ComponentWithTrait%22%3A%7B%7D%2C%22Persistable%22%3A%7B%7D%7D%2C%22ResourceInfo%22%3A%7B%22ComponentWithTrait%22%3A%7B%7D%2C%22Persistable%22%3A%7B%7D%7D%2C%22ResourceNeedsPublishing%22%3A%7B%22ComponentWithTrait%22%3A%7B%7D%2C%22Persistable%22%3A%7B%7D%7D%2C%22ResourcePreferredPixelFormat%22%3A%7B%22ComponentWithTrait%22%3A%7B%7D%2C%22Persistable%22%3A%7B%7D%7D%2C%22ResourceUrl%22%3A%7B%22ComponentWithTrait%22%3A%7B%7D%2C%22Persistable%22%3A%7B%7D%7D%2C%22SceneNodeAspectLock%22%3A%7B%22ComponentWithTrait%22%3A%7B%7D%2C%22Persistable%22%3A%7B%7D%7D%2C%22SceneNodeChildOf%22%3A%7B%22ComponentWithTrait%22%3A%7B%7D%2C%22Persistable%22%3A%7B%7D%2C%22ChildOf%22%3A%7B%7D%7D%2C%22SceneNodeLockCurrent%22%3A%7B%22ComponentWithTrait%22%3A%7B%7D%2C%22Persistable%22%3A%7B%7D%2C%22AffectsEditabilityTrait%22%3A%7B%7D%7D%2C%22SceneNodeLockMinimum%22%3A%7B%22ComponentWithTrait%22%3A%7B%7D%2C%22Persistable%22%3A%7B%7D%7D%2C%22SceneNodeLockUponRemix%22%3A%7B%22ComponentWithTrait%22%3A%7B%7D%2C%22Persistable%22%3A%7B%7D%7D%2C%22SceneNodeName%22%3A%7B%22ComponentWithTrait%22%3A%7B%7D%2C%22Persistable%22%3A%7B%7D%7D%2C%22SceneNodeOpacity%22%3A%7B%22ComponentWithTrait%22%3A%7B%7D%2C%22Persistable%22%3A%7B%7D%7D%2C%22SceneNodeTransform%22%3A%7B%22ComponentWithTrait%22%3A%7B%7D%2C%22Persistable%22%3A%7B%7D%7D%2C%22SceneNodeType%22%3A%7B%22ComponentWithTrait%22%3A%7B%7D%2C%22Persistable%22%3A%7B%7D%7D%2C%22slot%22%3A%7B%22ComponentWithTrait%22%3A%7B%7D%2C%22Persistable%22%3A%7B%7D%7D%2C%22StrokeCap%22%3A%7B%22ComponentWithTrait%22%3A%7B%7D%2C%22Persistable%22%3A%7B%7D%7D%2C%22StrokeChildOf%22%3A%7B%22ComponentWithTrait%22%3A%7B%7D%2C%22Persistable%22%3A%7B%7D%2C%22ChildOf%22%3A%7B%7D%7D%2C%22StrokeColor%22%3A%7B%22ComponentWithTrait%22%3A%7B%7D%2C%22Persistable%22%3A%7B%7D%2C%22IsColor%22%3A%7B%7D%7D%2C%22StrokeDashGeometry%22%3A%7B%22ComponentWithTrait%22%3A%7B%7D%2C%22Persistable%22%3A%7B%7D%7D%2C%22StrokeJoin%22%3A%7B%22ComponentWithTrait%22%3A%7B%7D%2C%22Persistable%22%3A%7B%7D%7D%2C%22StrokeMiter%22%3A%7B%22ComponentWithTrait%22%3A%7B%7D%2C%22Persistable%22%3A%7B%7D%7D%2C%22StrokePosition%22%3A%7B%22ComponentWithTrait%22%3A%7B%7D%2C%22Persistable%22%3A%7B%7D%7D%2C%22StrokeType%22%3A%7B%22ComponentWithTrait%22%3A%7B%7D%2C%22Persistable%22%3A%7B%7D%7D%2C%22StrokeWidth%22%3A%7B%22ComponentWithTrait%22%3A%7B%7D%2C%22Persistable%22%3A%7B%7D%7D%2C%22SourceAssetIdentifier%22%3A%7B%22ComponentWithTrait%22%3A%7B%7D%2C%22Persistable%22%3A%7B%7D%7D%2C%22TimingInfo%22%3A%7B%22ComponentWithTrait%22%3A%7B%7D%2C%22Persistable%22%3A%7B%7D%7D%2C%22VisibleBoundingBox%22%3A%7B%22ComponentWithTrait%22%3A%7B%7D%2C%22Persistable%22%3A%7B%7D%7D%2C%22BatchCreateDataMapping%22%3A%7B%22ComponentWithTrait%22%3A%7B%7D%2C%22Persistable%22%3A%7B%7D%7D%2C%22SceneNodeAncestorLockState%22%3A%7B%22ComponentWithTrait%22%3A%7B%7D%2C%22AffectsEditabilityTrait%22%3A%7B%7D%7D%2C%22%23decoration%22%3A%7B%22NonPersistable%22%3A%7B%7D%7D%2C%22%23canvas%22%3A%7B%22NonPersistable%22%3A%7B%7D%7D%2C%22ResourceIsUploading%22%3A%7B%22ComponentWithTrait%22%3A%7B%7D%2C%22PendingSave%22%3A%7B%7D%7D%2C%22ResourceCollectionIsStoringInIDB%22%3A%7B%22ComponentWithTrait%22%3A%7B%7D%2C%22PendingSave%22%3A%7B%7D%7D%2C%2288453ae6-106d-4d37-82b5-42a84a7320e6%22%3A%7B%22SceneNodeTransform%22%3A%7B%22x%22%3A298.8515625%2C%22y%22%3A767.750244140625%2C%22rotation%22%3A0%7D%2C%22SceneNodeType%22%3A%7B%22type%22%3A%22Text%22%7D%2C%22TextType%22%3A%7B%22allowMultiframe%22%3Afalse%7D%2C%22TextAlignment%22%3A%7B%22alignment%22%3A1%7D%2C%22TextGeometry%22%3A%7B%22type%22%3A1%2C%22damaged%22%3Afalse%2C%22width%22%3A406.236328125%2C%22height%22%3A123.95237731933594%2C%22baselineOffset%22%3A0%7D%2C%22TextModel%22%3A%7B%22text%22%3A%22A%20day%20trip%20to%20Tortuga%20Island%20offers%20pristine%20beaches%2C%20clear%20waters%2C%20excellent%20snorkeling%2C%20and%20a%20fun%20Banana-Boat%20ride%20if%20you%20wish.%20This%20excursion%20is%20perfect%20for%20those%20looking%20to%20relax%20and%20enjoy%20water%20activities%20in%20a%20beautiful%20island%20setting%3B%20brunch%2C%20lunch%2C%20beach-chairs%2C%20umbrellas%20%26%20beverages%20included%20%5Cr%20%2B%20Free%20Rum%20Punch%20%26%20Margaritas!%5Cr%20*%20Morning%20pick-up%20from%20Las%20Brisas%22%2C%22styles%22%3A%7B%22ranges%22%3A%5B%7B%22charStyle%22%3A%7B%22assigned%22%3A493%2C%22font%22%3A%7B%22source%22%3A%22AF%22%2C%22id%22%3A%22TkD-51402-d100bd84f3f2e4d10160402b079d0c91c4121cef%22%2C%22postscriptName%22%3A%22GeorgiaPro-Regular%22%2C%22family%22%3A%22Georgia%20Pro%22%2C%22style%22%3A%22Regular%22%7D%2C%22originalFont%22%3A%7B%22source%22%3A%22AF%22%2C%22id%22%3A%22TkD-51402-d100bd84f3f2e4d10160402b079d0c91c4121cef%22%2C%22postscriptName%22%3A%22GeorgiaPro-Regular%22%2C%22family%22%3A%22Georgia%20Pro%22%2C%22style%22%3A%22Regular%22%7D%2C%22fontSize%22%3A15%2C%22color%22%3A%7B%22a%22%3A1%2C%22r%22%3A0%2C%22g%22%3A0%2C%22b%22%3A0%7D%2C%22strikethrough%22%3Afalse%2C%22tracking%22%3A0%2C%22underline%22%3Afalse%2C%22features%22%3A%5B%5D%2C%22textScript%22%3A0%7D%2C%22length%22%3A368%7D%5D%2C%22paragraphs%22%3A%5B%7B%22style%22%3A%7B%22leading%22%3A%7B%22amount%22%3A1.2000000476837158%2C%22type%22%3A1%7D%2C%22listStyle%22%3A%7B%22listId%22%3A%22%22%2C%22listLevel%22%3A0%7D%2C%22direction%22%3A0%2C%22spaceAfter%22%3A0%2C%22spaceBefore%22%3A0%2C%22assigned%22%3A14%7D%2C%22length%22%3A302%7D%2C%7B%22style%22%3A%7B%22leading%22%3A%7B%22amount%22%3A1.2000000476837158%2C%22type%22%3A1%7D%2C%22listStyle%22%3A%7B%22listId%22%3A%22%22%2C%22listLevel%22%3A0%7D%2C%22direction%22%3A0%2C%22spaceAfter%22%3A0%2C%22spaceBefore%22%3A0%2C%22assigned%22%3A14%7D%2C%22length%22%3A32%7D%2C%7B%22style%22%3A%7B%22leading%22%3A%7B%22amount%22%3A1.2000000476837158%2C%22type%22%3A1%7D%2C%22listStyle%22%3A%7B%22listId%22%3A%22%22%2C%22listLevel%22%3A0%7D%2C%22direction%22%3A0%2C%22spaceAfter%22%3A0%2C%22spaceBefore%22%3A0%2C%22assigned%22%3A14%7D%2C%22length%22%3A34%7D%5D%2C%22listStyles%22%3A%5B%5D%7D%2C%22objectStyle%22%3A%7B%22languageLayoutProfile%22%3A%7B%22name%22%3A%22langDefault%22%2C%22version%22%3A1%7D%7D%7D%2C%22TextDefaultValueChanged%22%3A%7B%7D%2C%22ArtboardRelativeSceneNodeTransform%22%3A%7B%22x%22%3A298.8515625%2C%22y%22%3A767.750244140625%2C%22rotation%22%3A0%7D%2C%22CopyPastePixelInformation%22%3A%7B%22density%22%3A96%7D%7D%7D%2C%22version%22%3A292%2C%22draftDocumentModels%22%3A%22%22%7D%2C%22entityIds%22%3A%5B%2288453ae6-106d-4d37-82b5-42a84a7320e6%22%5D%7D%7D(\/Adobe)--&gt;\">Un d\u00eda de viaje a Isla Tortuga ofrece playas v\u00edrgenes, aguas cristalinas, excelente buceo, y una divertida Banana-Boat ride, si lo desea. Esta excursi\u00f3n es perfecta para aquellos que buscan relajarse y disfrutar de actividades acu\u00e1ticas en una hermosa isla; el desayuno, el almuerzo a la playa con sillas, sombrillas y bebidas incluidas + Gratis Ponche de Ron &amp; Margaritas! * Recoger por la ma\u00f1ana a partir de Las Brisas<\/span><\/p>","protected":false},"excerpt":{"rendered":"<p>Un d\u00eda de viaje a Isla Tortuga ofrece playas v\u00edrgenes, aguas cristalinas, excelente buceo, y una divertida Banana-Boat ride, si lo desea. Esta excursi\u00f3n es perfecta para aquellos que buscan relajarse y disfrutar de actividades acu\u00e1ticas en una hermosa isla; el desayuno, el almuerzo a la playa con sillas, sombrillas y bebidas incluidas + Gratis Ponche de Ron &amp; Margaritas! * Recoger por la ma\u00f1ana [...]<\/p>","protected":false},"featured_media":4796,"comment_status":"open","ping_status":"closed","template":"","meta":{"_acf_changed":false,"inline_featured_image":false},"product_cat":[30],"product_tag":[],"mwb_booking_cost":[],"mwb_booking_service":[],"class_list":{"0":"post-4116","1":"product","2":"type-product","3":"status-publish","4":"has-post-thumbnail","6":"product_cat-uncategorized","8":"first","9":"instock","10":"shipping-taxable","11":"purchasable","12":"product-type-simple"},"acf":[],"_links":{"self":[{"href":"https:\/\/lasbrisas.addonitsolutions.com\/es\/wp-json\/wp\/v2\/product\/4116","targetHints":{"allow":["GET"]}}],"collection":[{"href":"https:\/\/lasbrisas.addonitsolutions.com\/es\/wp-json\/wp\/v2\/product"}],"about":[{"href":"https:\/\/lasbrisas.addonitsolutions.com\/es\/wp-json\/wp\/v2\/types\/product"}],"replies":[{"embeddable":true,"href":"https:\/\/lasbrisas.addonitsolutions.com\/es\/wp-json\/wp\/v2\/comments?post=4116"}],"wp:featuredmedia":[{"embeddable":true,"href":"https:\/\/lasbrisas.addonitsolutions.com\/es\/wp-json\/wp\/v2\/media\/4796"}],"wp:attachment":[{"href":"https:\/\/lasbrisas.addonitsolutions.com\/es\/wp-json\/wp\/v2\/media?parent=4116"}],"wp:term":[{"taxonomy":"product_cat","embeddable":true,"href":"https:\/\/lasbrisas.addonitsolutions.com\/es\/wp-json\/wp\/v2\/product_cat?post=4116"},{"taxonomy":"product_tag","embeddable":true,"href":"https:\/\/lasbrisas.addonitsolutions.com\/es\/wp-json\/wp\/v2\/product_tag?post=4116"},{"taxonomy":"mwb_booking_cost","embeddable":true,"href":"https:\/\/lasbrisas.addonitsolutions.com\/es\/wp-json\/wp\/v2\/mwb_booking_cost?post=4116"},{"taxonomy":"mwb_booking_service","embeddable":true,"href":"https:\/\/lasbrisas.addonitsolutions.com\/es\/wp-json\/wp\/v2\/mwb_booking_service?post=4116"}],"curies":[{"name":"wp","href":"https:\/\/api.w.org\/{rel}","templated":true}]}}