{"id":4126,"date":"2025-02-21T11:23:23","date_gmt":"2025-02-21T11:23:23","guid":{"rendered":"https:\/\/lasbrisas.addonitsolutions.com\/?post_type=product&#038;p=4126"},"modified":"2025-03-11T11:44:20","modified_gmt":"2025-03-11T11:44:20","slug":"crocodile-tour-40","status":"publish","type":"product","link":"https:\/\/lasbrisas.addonitsolutions.com\/es\/producto\/crocodile-tour-40\/","title":{"rendered":"Tour De Cocodrilos"},"content":{"rendered":"<p><span data-buffer=\"&lt;!--(Adobe)%7B%22type%22%3A%22horizonObject%22%2C%22sourceContext%22%3A%22deadef2d-6b75-4dde-a4d3-357d33f5136e%22%2C%22payload%22%3A%7B%22docId%22%3A%22urn%3Aaaid%3Asc%3AUS%3A8d9b437c-1b2b-4713-80ae-53a5245e04ed%22%2C%22repositoryId%22%3A%22urn%3Aaaid%3Asc%3AUS%3Abf6d5baf-bddc-5b61-88d9-3f1e816c2992%22%2C%22copyClientId%22%3A%229c1cfdaf-f2a6-4654-922d-4ffc6a190c44%22%2C%22docModel%22%3A%7B%22isFullDocument%22%3Afalse%2C%22serializedECS%22%3A%7B%22AssetInfo%22%3A%7B%22ComponentWithTrait%22%3A%7B%7D%2C%22Persistable%22%3A%7B%7D%7D%2C%22BitmapReference%22%3A%7B%22ComponentWithTrait%22%3A%7B%7D%2C%22Persistable%22%3A%7B%7D%2C%22ForwardReference%22%3A%7B%7D%7D%2C%22BitmapRole%22%3A%7B%22ComponentWithTrait%22%3A%7B%7D%2C%22Persistable%22%3A%7B%7D%7D%2C%22BlendMode%22%3A%7B%22ComponentWithTrait%22%3A%7B%7D%2C%22Persistable%22%3A%7B%7D%7D%2C%22CanvasColor%22%3A%7B%22ComponentWithTrait%22%3A%7B%7D%2C%22Persistable%22%3A%7B%7D%7D%2C%22ContentCredentialsMetadata%22%3A%7B%22ComponentWithTrait%22%3A%7B%7D%2C%22Persistable%22%3A%7B%7D%7D%2C%22EllipseGeometry%22%3A%7B%22ComponentWithTrait%22%3A%7B%7D%2C%22Persistable%22%3A%7B%7D%7D%2C%22FillChildOf%22%3A%7B%22ComponentWithTrait%22%3A%7B%7D%2C%22Persistable%22%3A%7B%7D%2C%22ChildOf%22%3A%7B%7D%7D%2C%22FillColor%22%3A%7B%22ComponentWithTrait%22%3A%7B%7D%2C%22Persistable%22%3A%7B%7D%2C%22IsColor%22%3A%7B%7D%7D%2C%22FillTransform%22%3A%7B%22ComponentWithTrait%22%3A%7B%7D%2C%22Persistable%22%3A%7B%7D%7D%2C%22FillType%22%3A%7B%22ComponentWithTrait%22%3A%7B%7D%2C%22Persistable%22%3A%7B%7D%7D%2C%22ImageSaliencyMetadata%22%3A%7B%22ComponentWithTrait%22%3A%7B%7D%2C%22Persistable%22%3A%7B%7D%7D%2C%22InvisibleBoundingBox%22%3A%7B%22ComponentWithTrait%22%3A%7B%7D%2C%22Persistable%22%3A%7B%7D%7D%2C%22IsCropGroup%22%3A%7B%22ComponentWithTrait%22%3A%7B%7D%2C%22Persistable%22%3A%7B%7D%7D%2C%22IsMask%22%3A%7B%22ComponentWithTrait%22%3A%7B%7D%2C%22Persistable%22%3A%7B%7D%7D%2C%22LineGeometry%22%3A%7B%22ComponentWithTrait%22%3A%7B%7D%2C%22Persistable%22%3A%7B%7D%7D%2C%22MarkedForImport%22%3A%7B%22ComponentWithTrait%22%3A%7B%7D%2C%22Persistable%22%3A%7B%7D%7D%2C%22ObjectFit%22%3A%7B%22ComponentWithTrait%22%3A%7B%7D%2C%22Persistable%22%3A%7B%7D%7D%2C%22PixelInformation%22%3A%7B%22ComponentWithTrait%22%3A%7B%7D%2C%22Persistable%22%3A%7B%7D%7D%2C%22RectangleCornerRadii%22%3A%7B%22ComponentWithTrait%22%3A%7B%7D%2C%22Persistable%22%3A%7B%7D%7D%2C%22RectangleGeometry%22%3A%7B%22ComponentWithTrait%22%3A%7B%7D%2C%22Persistable%22%3A%7B%7D%7D%2C%22ResourceAvailability%22%3A%7B%22ComponentWithTrait%22%3A%7B%7D%2C%22Persistable%22%3A%7B%7D%7D%2C%22ResourceHasCaiData%22%3A%7B%22ComponentWithTrait%22%3A%7B%7D%2C%22Persistable%22%3A%7B%7D%7D%2C%22ResourceChildOf%22%3A%7B%22ComponentWithTrait%22%3A%7B%7D%2C%22Persistable%22%3A%7B%7D%2C%22ChildOf%22%3A%7B%7D%7D%2C%22ResourceCollectionChildOf%22%3A%7B%22ComponentWithTrait%22%3A%7B%7D%2C%22Persistable%22%3A%7B%7D%2C%22ChildOf%22%3A%7B%7D%2C%22WeakChildOf%22%3A%7B%7D%7D%2C%22ResourceCollectionInfo%22%3A%7B%22ComponentWithTrait%22%3A%7B%7D%2C%22Persistable%22%3A%7B%7D%7D%2C%22ResourceCollectionOriginalContentHashSHA1%22%3A%7B%22ComponentWithTrait%22%3A%7B%7D%2C%22Persistable%22%3A%7B%7D%7D%2C%22ResourceCollectionOriginalFileName%22%3A%7B%22ComponentWithTrait%22%3A%7B%7D%2C%22Persistable%22%3A%7B%7D%7D%2C%22ResourceCollectionOriginalMimeType%22%3A%7B%22ComponentWithTrait%22%3A%7B%7D%2C%22Persistable%22%3A%7B%7D%7D%2C%22ResourceCollectionOriginalResourceSize%22%3A%7B%22ComponentWithTrait%22%3A%7B%7D%2C%22Persistable%22%3A%7B%7D%7D%2C%22ResourceDimensions%22%3A%7B%22ComponentWithTrait%22%3A%7B%7D%2C%22Persistable%22%3A%7B%7D%7D%2C%22ResourceInfo%22%3A%7B%22ComponentWithTrait%22%3A%7B%7D%2C%22Persistable%22%3A%7B%7D%7D%2C%22ResourceNeedsPublishing%22%3A%7B%22ComponentWithTrait%22%3A%7B%7D%2C%22Persistable%22%3A%7B%7D%7D%2C%22ResourcePreferredPixelFormat%22%3A%7B%22ComponentWithTrait%22%3A%7B%7D%2C%22Persistable%22%3A%7B%7D%7D%2C%22ResourceUrl%22%3A%7B%22ComponentWithTrait%22%3A%7B%7D%2C%22Persistable%22%3A%7B%7D%7D%2C%22SceneNodeAspectLock%22%3A%7B%22ComponentWithTrait%22%3A%7B%7D%2C%22Persistable%22%3A%7B%7D%7D%2C%22SceneNodeChildOf%22%3A%7B%22ComponentWithTrait%22%3A%7B%7D%2C%22Persistable%22%3A%7B%7D%2C%22ChildOf%22%3A%7B%7D%7D%2C%22SceneNodeLockCurrent%22%3A%7B%22ComponentWithTrait%22%3A%7B%7D%2C%22Persistable%22%3A%7B%7D%2C%22AffectsEditabilityTrait%22%3A%7B%7D%7D%2C%22SceneNodeLockMinimum%22%3A%7B%22ComponentWithTrait%22%3A%7B%7D%2C%22Persistable%22%3A%7B%7D%7D%2C%22SceneNodeLockUponRemix%22%3A%7B%22ComponentWithTrait%22%3A%7B%7D%2C%22Persistable%22%3A%7B%7D%7D%2C%22SceneNodeName%22%3A%7B%22ComponentWithTrait%22%3A%7B%7D%2C%22Persistable%22%3A%7B%7D%7D%2C%22SceneNodeOpacity%22%3A%7B%22ComponentWithTrait%22%3A%7B%7D%2C%22Persistable%22%3A%7B%7D%7D%2C%22SceneNodeTransform%22%3A%7B%22ComponentWithTrait%22%3A%7B%7D%2C%22Persistable%22%3A%7B%7D%7D%2C%22SceneNodeType%22%3A%7B%22ComponentWithTrait%22%3A%7B%7D%2C%22Persistable%22%3A%7B%7D%7D%2C%22slot%22%3A%7B%22ComponentWithTrait%22%3A%7B%7D%2C%22Persistable%22%3A%7B%7D%7D%2C%22StrokeCap%22%3A%7B%22ComponentWithTrait%22%3A%7B%7D%2C%22Persistable%22%3A%7B%7D%7D%2C%22StrokeChildOf%22%3A%7B%22ComponentWithTrait%22%3A%7B%7D%2C%22Persistable%22%3A%7B%7D%2C%22ChildOf%22%3A%7B%7D%7D%2C%22StrokeColor%22%3A%7B%22ComponentWithTrait%22%3A%7B%7D%2C%22Persistable%22%3A%7B%7D%2C%22IsColor%22%3A%7B%7D%7D%2C%22StrokeDashGeometry%22%3A%7B%22ComponentWithTrait%22%3A%7B%7D%2C%22Persistable%22%3A%7B%7D%7D%2C%22StrokeJoin%22%3A%7B%22ComponentWithTrait%22%3A%7B%7D%2C%22Persistable%22%3A%7B%7D%7D%2C%22StrokeMiter%22%3A%7B%22ComponentWithTrait%22%3A%7B%7D%2C%22Persistable%22%3A%7B%7D%7D%2C%22StrokePosition%22%3A%7B%22ComponentWithTrait%22%3A%7B%7D%2C%22Persistable%22%3A%7B%7D%7D%2C%22StrokeType%22%3A%7B%22ComponentWithTrait%22%3A%7B%7D%2C%22Persistable%22%3A%7B%7D%7D%2C%22StrokeWidth%22%3A%7B%22ComponentWithTrait%22%3A%7B%7D%2C%22Persistable%22%3A%7B%7D%7D%2C%22SourceAssetIdentifier%22%3A%7B%22ComponentWithTrait%22%3A%7B%7D%2C%22Persistable%22%3A%7B%7D%7D%2C%22TimingInfo%22%3A%7B%22ComponentWithTrait%22%3A%7B%7D%2C%22Persistable%22%3A%7B%7D%7D%2C%22VisibleBoundingBox%22%3A%7B%22ComponentWithTrait%22%3A%7B%7D%2C%22Persistable%22%3A%7B%7D%7D%2C%22BatchCreateDataMapping%22%3A%7B%22ComponentWithTrait%22%3A%7B%7D%2C%22Persistable%22%3A%7B%7D%7D%2C%22SceneNodeAncestorLockState%22%3A%7B%22ComponentWithTrait%22%3A%7B%7D%2C%22AffectsEditabilityTrait%22%3A%7B%7D%7D%2C%22%23decoration%22%3A%7B%22NonPersistable%22%3A%7B%7D%7D%2C%22%23canvas%22%3A%7B%22NonPersistable%22%3A%7B%7D%7D%2C%22ResourceIsUploading%22%3A%7B%22ComponentWithTrait%22%3A%7B%7D%2C%22PendingSave%22%3A%7B%7D%7D%2C%22ResourceCollectionIsStoringInIDB%22%3A%7B%22ComponentWithTrait%22%3A%7B%7D%2C%22PendingSave%22%3A%7B%7D%7D%2C%22d3b896c4-4391-4093-8a43-3e70ba00d306%22%3A%7B%22SceneNodeTransform%22%3A%7B%22x%22%3A298.85400390625%2C%22y%22%3A541.7738037109375%2C%22rotation%22%3A0%7D%2C%22SceneNodeType%22%3A%7B%22type%22%3A%22Text%22%7D%2C%22TextType%22%3A%7B%22allowMultiframe%22%3Afalse%7D%2C%22TextAlignment%22%3A%7B%22alignment%22%3A1%7D%2C%22TextGeometry%22%3A%7B%22type%22%3A1%2C%22damaged%22%3Afalse%2C%22width%22%3A406.236328125%2C%22height%22%3A73.15679931640625%2C%22baselineOffset%22%3A0%7D%2C%22TextModel%22%3A%7B%22text%22%3A%22Explore%20the%20Tarcoles%20River%20on%20a%20guided%20boat%20tour%20to%20see%20(and%20feed)%20Giant%20American%20crocodiles%20up%20close.%20This%20tour%20is%20perfect%20for%20wildlife%20enthusiasts%20and%20provides%20excellent%20opportunities%20for%20bird%20watching%20as%20well.%22%2C%22styles%22%3A%7B%22ranges%22%3A%5B%7B%22charStyle%22%3A%7B%22assigned%22%3A495%2C%22font%22%3A%7B%22source%22%3A%22AF%22%2C%22id%22%3A%22TkD-47081-66a8a611cfc431b08de9d70afb27b8fb6ac0aae3%22%2C%22postscriptName%22%3A%22SourceSans3-Regular%22%2C%22family%22%3A%22Source%20Sans%203%22%2C%22style%22%3A%22Regular%22%7D%2C%22originalFont%22%3A%7B%22source%22%3A%22AF%22%2C%22id%22%3A%22TkD-47081-66a8a611cfc431b08de9d70afb27b8fb6ac0aae3%22%2C%22postscriptName%22%3A%22SourceSans3-Regular%22%2C%22family%22%3A%22Source%20Sans%203%22%2C%22style%22%3A%22Regular%22%7D%2C%22fontSize%22%3A15.38203239440918%2C%22color%22%3A%7B%22a%22%3A1%2C%22r%22%3A0%2C%22g%22%3A0%2C%22b%22%3A0%7D%2C%22strikethrough%22%3Afalse%2C%22tracking%22%3A0%2C%22underline%22%3Afalse%2C%22features%22%3A%5B%5D%2C%22textScript%22%3A0%7D%2C%22length%22%3A212%7D%5D%2C%22paragraphs%22%3A%5B%7B%22style%22%3A%7B%22leading%22%3A%7B%22amount%22%3A1.2000000476837158%2C%22type%22%3A1%7D%2C%22listStyle%22%3A%7B%22listId%22%3A%22%22%2C%22listLevel%22%3A0%7D%2C%22direction%22%3A0%2C%22spaceAfter%22%3A0%2C%22spaceBefore%22%3A0%2C%22assigned%22%3A14%7D%2C%22length%22%3A212%7D%5D%2C%22listStyles%22%3A%5B%5D%7D%2C%22objectStyle%22%3A%7B%22languageLayoutProfile%22%3A%7B%22name%22%3A%22langDefault%22%2C%22version%22%3A1%7D%7D%7D%2C%22TextDefaultValueChanged%22%3A%7B%7D%2C%22ArtboardRelativeSceneNodeTransform%22%3A%7B%22x%22%3A298.85400390625%2C%22y%22%3A541.7738037109375%2C%22rotation%22%3A0%7D%2C%22CopyPastePixelInformation%22%3A%7B%22density%22%3A96%7D%7D%7D%2C%22version%22%3A292%2C%22draftDocumentModels%22%3A%22%22%7D%2C%22entityIds%22%3A%5B%22d3b896c4-4391-4093-8a43-3e70ba00d306%22%5D%7D%7D(\/Adobe)--&gt;\">Explorar el R\u00edo T\u00e1rcoles en un tour guiado en barco para ver (y alimentaci\u00f3n) Gigante Estadounidense cocodrilos de cerca. Este tour es perfecto para los amantes de la naturaleza, y ofrece excelentes oportunidades para la observaci\u00f3n de aves tambi\u00e9n.<\/span><\/p>","protected":false},"excerpt":{"rendered":"<p>Explorar el R\u00edo T\u00e1rcoles en un tour guiado en barco para ver (y alimentaci\u00f3n) Gigante Estadounidense cocodrilos de cerca. Este tour es perfecto para los amantes de la naturaleza, y ofrece excelentes oportunidades para la observaci\u00f3n de aves tambi\u00e9n.<\/p>","protected":false},"featured_media":4792,"comment_status":"open","ping_status":"closed","template":"","meta":{"_acf_changed":false,"inline_featured_image":false},"product_cat":[30],"product_tag":[],"mwb_booking_cost":[],"mwb_booking_service":[],"class_list":{"0":"post-4126","1":"product","2":"type-product","3":"status-publish","4":"has-post-thumbnail","6":"product_cat-uncategorized","8":"first","9":"instock","10":"shipping-taxable","11":"purchasable","12":"product-type-simple"},"acf":[],"_links":{"self":[{"href":"https:\/\/lasbrisas.addonitsolutions.com\/es\/wp-json\/wp\/v2\/product\/4126","targetHints":{"allow":["GET"]}}],"collection":[{"href":"https:\/\/lasbrisas.addonitsolutions.com\/es\/wp-json\/wp\/v2\/product"}],"about":[{"href":"https:\/\/lasbrisas.addonitsolutions.com\/es\/wp-json\/wp\/v2\/types\/product"}],"replies":[{"embeddable":true,"href":"https:\/\/lasbrisas.addonitsolutions.com\/es\/wp-json\/wp\/v2\/comments?post=4126"}],"wp:featuredmedia":[{"embeddable":true,"href":"https:\/\/lasbrisas.addonitsolutions.com\/es\/wp-json\/wp\/v2\/media\/4792"}],"wp:attachment":[{"href":"https:\/\/lasbrisas.addonitsolutions.com\/es\/wp-json\/wp\/v2\/media?parent=4126"}],"wp:term":[{"taxonomy":"product_cat","embeddable":true,"href":"https:\/\/lasbrisas.addonitsolutions.com\/es\/wp-json\/wp\/v2\/product_cat?post=4126"},{"taxonomy":"product_tag","embeddable":true,"href":"https:\/\/lasbrisas.addonitsolutions.com\/es\/wp-json\/wp\/v2\/product_tag?post=4126"},{"taxonomy":"mwb_booking_cost","embeddable":true,"href":"https:\/\/lasbrisas.addonitsolutions.com\/es\/wp-json\/wp\/v2\/mwb_booking_cost?post=4126"},{"taxonomy":"mwb_booking_service","embeddable":true,"href":"https:\/\/lasbrisas.addonitsolutions.com\/es\/wp-json\/wp\/v2\/mwb_booking_service?post=4126"}],"curies":[{"name":"wp","href":"https:\/\/api.w.org\/{rel}","templated":true}]}}